{"id":1101,"date":"2019-11-21T09:07:01","date_gmt":"2019-11-21T09:07:01","guid":{"rendered":"https:\/\/iqonic.design\/wp-themes\/sofbox\/?page_id=1101"},"modified":"2026-01-20T17:30:17","modified_gmt":"2026-01-20T16:30:17","slug":"kontakt","status":"publish","type":"page","link":"https:\/\/sematel.pl\/index.php\/kontakt\/","title":{"rendered":"Kontakt"},"content":{"rendered":"<div class=\"wpb-content-wrapper\"><p>[vc_row css=&#8221;.vc_custom_1574321341042{padding-top: 0px !important;padding-bottom: 0px !important;}&#8221;][vc_column][vc_column_text]<\/p>\n<h3 style=\"text-align: center;\">KONTAKT Z NAMI<\/h3>\n<p>[\/vc_column_text][vc_row_inner][vc_column_inner width=&#8221;1\/2&#8243;]<div class=\"layer_wrap iq-objects  style-two left-top\" id=\"object_2064664595\"><span class=\"iq-objects-02\">\r\n\t\t\t\t\t\t\t\t\t<img decoding=\"async\" src=\"https:\/\/sematel.pl\/wp-content\/uploads\/2019\/11\/bgleft-shap.png\" alt=\"drive02\">\r\n\t\t\t\t\t\t\t\t<\/span><\/div>[\/vc_column_inner][vc_column_inner width=&#8221;1\/2&#8243;][\/vc_column_inner][\/vc_row_inner][vc_row_inner equal_height=&#8221;yes&#8221; el_class=&#8221;contact-box&#8221;][vc_column_inner width=&#8221;1\/2&#8243; offset=&#8221;vc_col-lg-offset-1 vc_col-lg-3 vc_col-md-offset-1 vc_col-md-3&#8243;]<div class=\"color-palette style-three wow fadeInUp   text-left purple-hover\" data-wow-delay=\"0.4s\"><div class=\"media\"><div class=\"circle-style\"> <div class=\"circle-icon\">\r\n\t\t\t\t\t\t\t <i aria-hidden=\"true\" class=\"flaticon flaticon-accounting\" ><\/i> \r\n\t\t\t\t\t\t<\/div>\r\n\t\t\t<\/div><div class=\"media-body\"><h5 class=\"color-text mb-2\" >Adres<\/h5><p class=\"mb-0\" >ul. Sportowa 1a\/3<br \/>\n64-500 Ga\u0142owo<\/p><\/div><\/div><\/div>[\/vc_column_inner][vc_column_inner width=&#8221;1\/2&#8243; offset=&#8221;vc_col-lg-3 vc_col-md-3&#8243;]<div class=\"color-palette style-three wow fadeInUp   text-left org-hover\" data-wow-delay=\"0.6s\"><div class=\"media\"><div class=\"circle-style\"> <div class=\"circle-icon\">\r\n\t\t\t\t\t\t\t <i aria-hidden=\"true\" class=\"flaticon flaticon-accounting\" ><\/i> \r\n\t\t\t\t\t\t<\/div>\r\n\t\t\t<\/div><div class=\"media-body\"><h5 class=\"color-text mb-2\" >Telefon<\/h5><p class=\"mb-0\" >61 666 66 61<\/p><\/div><\/div><\/div>[\/vc_column_inner][vc_column_inner width=&#8221;1\/2&#8243; offset=&#8221;vc_col-lg-3 vc_col-md-3&#8243;]<div class=\"color-palette style-three wow fadeInUp   text-left green-hover\" data-wow-delay=\"0.8s\"><div class=\"media\"><div class=\"circle-style\"> <div class=\"circle-icon\">\r\n\t\t\t\t\t\t\t <i aria-hidden=\"true\" class=\"flaticon flaticon-send-mail\" ><\/i> \r\n\t\t\t\t\t\t<\/div>\r\n\t\t\t<\/div><div class=\"media-body\"><h5 class=\"color-text mb-2\" >Mail<\/h5><p class=\"mb-0\" >biuro@sematel.pl<\/p><\/div><\/div><\/div>[\/vc_column_inner][\/vc_row_inner][\/vc_column][\/vc_row][vc_row css=&#8221;.vc_custom_1574330049687{padding-top: 120px !important;padding-bottom: 0px !important;}&#8221;][vc_column css_animation=&#8221;fadeInLeft&#8221; width=&#8221;1\/2&#8243; el_class=&#8221;our-map&#8221;][vc_gmaps link=&#8221;#E-8_JTNDaWZyYW1lJTIwc3JjJTNEJTIyaHR0cHMlM0ElMkYlMkZ3d3cuZ29vZ2xlLmNvbSUyRm1hcHMlMkZlbWJlZCUzRnBiJTNEJTIxMW0xOCUyMTFtMTIlMjExbTMlMjExZDI0MjMuNDc3NTE5NjUyNzQzNSUyMTJkMTYuNTYyODc0MzE1ODEwMzMzJTIxM2Q1Mi41OTcxMzg5Nzk4Mjg4OCUyMTJtMyUyMTFmMCUyMTJmMCUyMTNmMCUyMTNtMiUyMTFpMTAyNCUyMTJpNzY4JTIxNGYxMy4xJTIxM20zJTIxMW0yJTIxMXMweDQ3MDQxN2I0ZjEzOWM3NzklMjUzQTB4MWNhOGYxZjJiOGRmOTg0NSUyMTJzU3BvcnRvd2ElMjUyMDFBJTI1MkYzJTI1MkMlMjUyMDY0LTUwMCUyNTIwR2ElMjVDNSUyNTgyb3dvJTIxNWUwJTIxM20yJTIxMXNwbCUyMTJzcGwlMjE0djE1ODUyMzMyNDI2MzIlMjE1bTIlMjExc3BsJTIxMnNwbCUyMiUyMHdpZHRoJTNEJTIyNjAwJTIyJTIwaGVpZ2h0JTNEJTIyNDUwJTIyJTIwZnJhbWVib3JkZXIlM0QlMjIwJTIyJTIwc3R5bGUlM0QlMjJib3JkZXIlM0EwJTNCJTIyJTIwYWxsb3dmdWxsc2NyZWVuJTNEJTIyJTIyJTIwYXJpYS1oaWRkZW4lM0QlMjJmYWxzZSUyMiUyMHRhYmluZGV4JTNEJTIyMCUyMiUzRSUzQyUyRmlmcmFtZSUzRQ==&#8221;][\/vc_column][vc_column css_animation=&#8221;fadeInRight&#8221; width=&#8221;1\/2&#8243;][vc_custom_heading text=&#8221;Formularz kontaktowy&#8221; font_container=&#8221;tag:h4|text_align:left&#8221; use_theme_fonts=&#8221;yes&#8221; el_class=&#8221;mb-4 mt-5 mt-lg-0&#8243;]<div role=\"form\" class=\"wpcf7\" id=\"wpcf7-f2223-o1\" lang=\"en-US\" dir=\"ltr\">\n<div class=\"screen-reader-response\"><p role=\"status\" aria-live=\"polite\" aria-atomic=\"true\"><\/p> <ul><\/ul><\/div>\n<form action=\"\/index.php\/wp-json\/wp\/v2\/pages\/1101#wpcf7-f2223-o1\" method=\"post\" class=\"wpcf7-form init\" novalidate=\"novalidate\" data-status=\"init\">\n<div style=\"display: none;\">\n<input type=\"hidden\" name=\"_wpcf7\" value=\"2223\" \/>\n<input type=\"hidden\" name=\"_wpcf7_version\" value=\"5.6.4\" \/>\n<input type=\"hidden\" name=\"_wpcf7_locale\" value=\"en_US\" \/>\n<input type=\"hidden\" name=\"_wpcf7_unit_tag\" value=\"wpcf7-f2223-o1\" \/>\n<input type=\"hidden\" name=\"_wpcf7_container_post\" value=\"0\" \/>\n<input type=\"hidden\" name=\"_wpcf7_posted_data_hash\" value=\"\" \/>\n<input type=\"hidden\" name=\"_wpcf7_recaptcha_response\" value=\"\" \/>\n<\/div>\n<div class=\"contact-form consultab-contact contact-style \">\n<div class=\"row\">\n<div class=\"col-lg-6\">\n<div class=\"cfield\"><span class=\"wpcf7-form-control-wrap\" data-name=\"your-name\"><input type=\"text\" name=\"your-name\" value=\"\" size=\"40\" class=\"wpcf7-form-control wpcf7-text wpcf7-validates-as-required\" aria-required=\"true\" aria-invalid=\"false\" placeholder=\"Imi\u0119\" \/><\/span><\/div>\n<\/div>\n<div class=\"col-lg-6\">\n<div class=\"cfield\"><span class=\"wpcf7-form-control-wrap\" data-name=\"your-subject\"><input type=\"text\" name=\"your-subject\" value=\"\" size=\"40\" class=\"wpcf7-form-control wpcf7-text wpcf7-validates-as-required\" aria-required=\"true\" aria-invalid=\"false\" placeholder=\"Nazwisko\" \/><\/span><\/div>\n<\/div>\n<div class=\"col-lg-6\">\n<div class=\"cfield\"><span class=\"wpcf7-form-control-wrap\" data-name=\"your-subject\"><input type=\"number\" name=\"your-subject\" value=\"\" class=\"wpcf7-form-control wpcf7-number wpcf7-validates-as-required wpcf7-validates-as-number\" aria-required=\"true\" aria-invalid=\"false\" placeholder=\"Temat wiadomo\u015bci\" \/><\/span><\/div>\n<\/div>\n<div class=\"col-lg-6\">\n<div class=\"cfield\"><span class=\"wpcf7-form-control-wrap\" data-name=\"your-email\"><input type=\"email\" name=\"your-email\" value=\"\" size=\"40\" class=\"wpcf7-form-control wpcf7-text wpcf7-email wpcf7-validates-as-required wpcf7-validates-as-email\" aria-required=\"true\" aria-invalid=\"false\" placeholder=\"Adres e-mail\" \/><\/span><\/div>\n<\/div>\n<div class=\"col-lg-12\">\n<div class=\"cfield\"><span class=\"wpcf7-form-control-wrap\" data-name=\"your-message\"><textarea name=\"your-message\" cols=\"40\" rows=\"10\" class=\"wpcf7-form-control wpcf7-textarea wpcf7-validates-as-required\" aria-required=\"true\" aria-invalid=\"false\" placeholder=\"Wiadomo\u015b\u0107\"><\/textarea><\/span><\/div>\n<\/div>\n<div class=\"col-lg-12\">\n<div class=\"cfield\">Wype\u0142nienie formularza oznacza, \u017ce\u00a0podane w nim dane osobowe b\u0119d\u0105 przetwarzane w\u00a0celu nawi\u0105zania kontaktu. Wi\u0119cej informacji w zak\u0142adce <a href=\"https:\/\/sematel.pl\/index.php\/polityka-prywatnosci\/\">Polityka prywatno\u015bci<\/a><\/div>\n<\/div>\n<div class=\"col-lg-12 mt-4\"><button id=\"submit\" name=\"submit\" type=\"submit\" value=\"Send\" class=\"button-gradient\">Wy\u015blij wiadomo\u015b\u0107<\/button><\/div>\n<\/div>\n<\/div>\n<div class=\"wpcf7-response-output\" aria-hidden=\"true\"><\/div><\/form><\/div>[\/vc_column][\/vc_row]<\/p>\n<\/div>","protected":false},"excerpt":{"rendered":"<p>[vc_row css=&#8221;.vc_custom_1574321341042{padding-top: 0px !important;padding-bottom: 0px !important;}&#8221;][vc_column][vc_column_text] KONTAKT Z NAMI [\/vc_column_text][vc_row_inner][vc_column_inner width=&#8221;1\/2&#8243;][\/vc_column_inner][vc_column_inner width=&#8221;1\/2&#8243;][\/vc_column_inner][\/vc_row_inner][vc_row_inner equal_height=&#8221;yes&#8221; el_class=&#8221;contact-box&#8221;][vc_column_inner width=&#8221;1\/2&#8243; offset=&#8221;vc_col-lg-offset-1 vc_col-lg-3 vc_col-md-offset-1 vc_col-md-3&#8243;][\/vc_column_inner][vc_column_inner width=&#8221;1\/2&#8243; offset=&#8221;vc_col-lg-3 vc_col-md-3&#8243;][\/vc_column_inner][vc_column_inner width=&#8221;1\/2&#8243; offset=&#8221;vc_col-lg-3 vc_col-md-3&#8243;][\/vc_column_inner][\/vc_row_inner][\/vc_column][\/vc_row][vc_row css=&#8221;.vc_custom_1574330049687{padding-top: 120px !important;padding-bottom: 0px !important;}&#8221;][vc_column css_animation=&#8221;fadeInLeft&#8221; width=&#8221;1\/2&#8243; el_class=&#8221;our-map&#8221;][vc_gmaps link=&#8221;#E-8_JTNDaWZyYW1lJTIwc3JjJTNEJTIyaHR0cHMlM0ElMkYlMkZ3d3cuZ29vZ2xlLmNvbSUyRm1hcHMlMkZlbWJlZCUzRnBiJTNEJTIxMW0xOCUyMTFtMTIlMjExbTMlMjExZDI0MjMuNDc3NTE5NjUyNzQzNSUyMTJkMTYuNTYyODc0MzE1ODEwMzMzJTIxM2Q1Mi41OTcxMzg5Nzk4Mjg4OCUyMTJtMyUyMTFmMCUyMTJmMCUyMTNmMCUyMTNtMiUyMTFpMTAyNCUyMTJpNzY4JTIxNGYxMy4xJTIxM20zJTIxMW0yJTIxMXMweDQ3MDQxN2I0ZjEzOWM3NzklMjUzQTB4MWNhOGYxZjJiOGRmOTg0NSUyMTJzU3BvcnRvd2ElMjUyMDFBJTI1MkYzJTI1MkMlMjUyMDY0LTUwMCUyNTIwR2ElMjVDNSUyNTgyb3dvJTIxNWUwJTIxM20yJTIxMXNwbCUyMTJzcGwlMjE0djE1ODUyMzMyNDI2MzIlMjE1bTIlMjExc3BsJTIxMnNwbCUyMiUyMHdpZHRoJTNEJTIyNjAwJTIyJTIwaGVpZ2h0JTNEJTIyNDUwJTIyJTIwZnJhbWVib3JkZXIlM0QlMjIwJTIyJTIwc3R5bGUlM0QlMjJib3JkZXIlM0EwJTNCJTIyJTIwYWxsb3dmdWxsc2NyZWVuJTNEJTIyJTIyJTIwYXJpYS1oaWRkZW4lM0QlMjJmYWxzZSUyMiUyMHRhYmluZGV4JTNEJTIyMCUyMiUzRSUzQyUyRmlmcmFtZSUzRQ==&#8221;][\/vc_column][vc_column css_animation=&#8221;fadeInRight&#8221; width=&#8221;1\/2&#8243;][vc_custom_heading text=&#8221;Formularz kontaktowy&#8221; font_container=&#8221;tag:h4|text_align:left&#8221; use_theme_fonts=&#8221;yes&#8221; el_class=&#8221;mb-4 mt-5 mt-lg-0&#8243;][\/vc_column][\/vc_row]<\/p>\n","protected":false},"author":1,"featured_media":0,"parent":0,"menu_order":0,"comment_status":"closed","ping_status":"closed","template":"","meta":{"footnotes":""},"class_list":["post-1101","page","type-page","status-publish","hentry"],"yoast_head":"<!-- This site is optimized with the Yoast SEO plugin v24.6 - https:\/\/yoast.com\/wordpress\/plugins\/seo\/ -->\n<title>Kontakt - Sematel<\/title>\n<meta name=\"description\" content=\"Zapraszamy do kontaku ze specjalistami z firmy Sematel. Kompetencje naszych pracownik\u00f3w potwierdzaj\u0105 liczne uzyskane certyfikaty.\" \/>\n<meta name=\"robots\" content=\"index, follow, max-snippet:-1, max-image-preview:large, max-video-preview:-1\" \/>\n<link rel=\"canonical\" href=\"https:\/\/sematel.pl\/index.php\/kontakt\/\" \/>\n<meta property=\"og:locale\" content=\"pl_PL\" \/>\n<meta property=\"og:type\" content=\"article\" \/>\n<meta property=\"og:title\" content=\"Kontakt - Sematel\" \/>\n<meta property=\"og:description\" content=\"Zapraszamy do kontaku ze specjalistami z firmy Sematel. Kompetencje naszych pracownik\u00f3w potwierdzaj\u0105 liczne uzyskane certyfikaty.\" \/>\n<meta property=\"og:url\" content=\"https:\/\/sematel.pl\/index.php\/kontakt\/\" \/>\n<meta property=\"og:site_name\" content=\"Sematel\" \/>\n<meta property=\"article:modified_time\" content=\"2026-01-20T16:30:17+00:00\" \/>\n<meta name=\"twitter:card\" content=\"summary_large_image\" \/>\n<meta name=\"twitter:label1\" content=\"Szacowany czas czytania\" \/>\n\t<meta name=\"twitter:data1\" content=\"1 minuta\" \/>\n<script type=\"application\/ld+json\" class=\"yoast-schema-graph\">{\"@context\":\"https:\/\/schema.org\",\"@graph\":[{\"@type\":\"WebPage\",\"@id\":\"https:\/\/sematel.pl\/index.php\/kontakt\/\",\"url\":\"https:\/\/sematel.pl\/index.php\/kontakt\/\",\"name\":\"Kontakt - Sematel\",\"isPartOf\":{\"@id\":\"https:\/\/sematel.pl\/#website\"},\"datePublished\":\"2019-11-21T09:07:01+00:00\",\"dateModified\":\"2026-01-20T16:30:17+00:00\",\"description\":\"Zapraszamy do kontaku ze specjalistami z firmy Sematel. Kompetencje naszych pracownik\u00f3w potwierdzaj\u0105 liczne uzyskane certyfikaty.\",\"breadcrumb\":{\"@id\":\"https:\/\/sematel.pl\/index.php\/kontakt\/#breadcrumb\"},\"inLanguage\":\"pl-PL\",\"potentialAction\":[{\"@type\":\"ReadAction\",\"target\":[\"https:\/\/sematel.pl\/index.php\/kontakt\/\"]}]},{\"@type\":\"BreadcrumbList\",\"@id\":\"https:\/\/sematel.pl\/index.php\/kontakt\/#breadcrumb\",\"itemListElement\":[{\"@type\":\"ListItem\",\"position\":1,\"name\":\"Strona g\u0142\u00f3wna\",\"item\":\"https:\/\/sematel.pl\/\"},{\"@type\":\"ListItem\",\"position\":2,\"name\":\"Kontakt\"}]},{\"@type\":\"WebSite\",\"@id\":\"https:\/\/sematel.pl\/#website\",\"url\":\"https:\/\/sematel.pl\/\",\"name\":\"Sematel\",\"description\":\"Rozwi\u0105zania telekomunikacyjne\",\"potentialAction\":[{\"@type\":\"SearchAction\",\"target\":{\"@type\":\"EntryPoint\",\"urlTemplate\":\"https:\/\/sematel.pl\/?s={search_term_string}\"},\"query-input\":{\"@type\":\"PropertyValueSpecification\",\"valueRequired\":true,\"valueName\":\"search_term_string\"}}],\"inLanguage\":\"pl-PL\"}]}<\/script>\n<!-- \/ Yoast SEO plugin. -->","yoast_head_json":{"title":"Kontakt - Sematel","description":"Zapraszamy do kontaku ze specjalistami z firmy Sematel. Kompetencje naszych pracownik\u00f3w potwierdzaj\u0105 liczne uzyskane certyfikaty.","robots":{"index":"index","follow":"follow","max-snippet":"max-snippet:-1","max-image-preview":"max-image-preview:large","max-video-preview":"max-video-preview:-1"},"canonical":"https:\/\/sematel.pl\/index.php\/kontakt\/","og_locale":"pl_PL","og_type":"article","og_title":"Kontakt - Sematel","og_description":"Zapraszamy do kontaku ze specjalistami z firmy Sematel. Kompetencje naszych pracownik\u00f3w potwierdzaj\u0105 liczne uzyskane certyfikaty.","og_url":"https:\/\/sematel.pl\/index.php\/kontakt\/","og_site_name":"Sematel","article_modified_time":"2026-01-20T16:30:17+00:00","twitter_card":"summary_large_image","twitter_misc":{"Szacowany czas czytania":"1 minuta"},"schema":{"@context":"https:\/\/schema.org","@graph":[{"@type":"WebPage","@id":"https:\/\/sematel.pl\/index.php\/kontakt\/","url":"https:\/\/sematel.pl\/index.php\/kontakt\/","name":"Kontakt - Sematel","isPartOf":{"@id":"https:\/\/sematel.pl\/#website"},"datePublished":"2019-11-21T09:07:01+00:00","dateModified":"2026-01-20T16:30:17+00:00","description":"Zapraszamy do kontaku ze specjalistami z firmy Sematel. Kompetencje naszych pracownik\u00f3w potwierdzaj\u0105 liczne uzyskane certyfikaty.","breadcrumb":{"@id":"https:\/\/sematel.pl\/index.php\/kontakt\/#breadcrumb"},"inLanguage":"pl-PL","potentialAction":[{"@type":"ReadAction","target":["https:\/\/sematel.pl\/index.php\/kontakt\/"]}]},{"@type":"BreadcrumbList","@id":"https:\/\/sematel.pl\/index.php\/kontakt\/#breadcrumb","itemListElement":[{"@type":"ListItem","position":1,"name":"Strona g\u0142\u00f3wna","item":"https:\/\/sematel.pl\/"},{"@type":"ListItem","position":2,"name":"Kontakt"}]},{"@type":"WebSite","@id":"https:\/\/sematel.pl\/#website","url":"https:\/\/sematel.pl\/","name":"Sematel","description":"Rozwi\u0105zania telekomunikacyjne","potentialAction":[{"@type":"SearchAction","target":{"@type":"EntryPoint","urlTemplate":"https:\/\/sematel.pl\/?s={search_term_string}"},"query-input":{"@type":"PropertyValueSpecification","valueRequired":true,"valueName":"search_term_string"}}],"inLanguage":"pl-PL"}]}},"_links":{"self":[{"href":"https:\/\/sematel.pl\/index.php\/wp-json\/wp\/v2\/pages\/1101","targetHints":{"allow":["GET"]}}],"collection":[{"href":"https:\/\/sematel.pl\/index.php\/wp-json\/wp\/v2\/pages"}],"about":[{"href":"https:\/\/sematel.pl\/index.php\/wp-json\/wp\/v2\/types\/page"}],"author":[{"embeddable":true,"href":"https:\/\/sematel.pl\/index.php\/wp-json\/wp\/v2\/users\/1"}],"replies":[{"embeddable":true,"href":"https:\/\/sematel.pl\/index.php\/wp-json\/wp\/v2\/comments?post=1101"}],"version-history":[{"count":20,"href":"https:\/\/sematel.pl\/index.php\/wp-json\/wp\/v2\/pages\/1101\/revisions"}],"predecessor-version":[{"id":2748,"href":"https:\/\/sematel.pl\/index.php\/wp-json\/wp\/v2\/pages\/1101\/revisions\/2748"}],"wp:attachment":[{"href":"https:\/\/sematel.pl\/index.php\/wp-json\/wp\/v2\/media?parent=1101"}],"curies":[{"name":"wp","href":"https:\/\/api.w.org\/{rel}","templated":true}]}}