{"id":3,"date":"2020-03-14T21:58:47","date_gmt":"2020-03-14T20:58:47","guid":{"rendered":"https:\/\/sematel.pl\/?page_id=3"},"modified":"2020-03-23T22:53:05","modified_gmt":"2020-03-23T21:53:05","slug":"polityka-prywatnosci","status":"publish","type":"page","link":"https:\/\/sematel.pl\/index.php\/polityka-prywatnosci\/","title":{"rendered":"Polityka prywatno\u015bci"},"content":{"rendered":"\n<p><strong>Polityka prywatno\u015bci<\/strong><\/p>\n<ol>\n<li><strong>Informacje og\u00f3lne<\/strong><\/li>\n<\/ol>\n<p>Operatorem serwisu sematel.pl jest SEMATEL SEBASTIAN KOCZOROWSKI ul. Sportowa 1a\/3, 64-500 Ga\u0142owo, NIP 7871192414, REGON 630276326.<\/p>\n<p>Polityka ma charakter informacyjny \u2013 jej celem jest poinformowanie u\u017cytkownika serwisu o zasadach przetwarzania danych osobowych i przys\u0142uguj\u0105cych uprawnieniach zwi\u0105zanych z przetwarzanymi danymi osobowymi.<\/p>\n<p>Podstawowymi aktami prawnym obowi\u0105zuj\u0105cym w zakresie ochrony danych osobowych s\u0105&nbsp;Rozporz\u0105dzenie Parlamentu Europejskiego i Rady (UE) 2016\/679 z dnia 27 kwietnia 2016 r. w sprawie ochrony os\u00f3b fizycznych w zwi\u0105zku z przetwarzaniem danych osobowych i w sprawie swobodnego przep\u0142ywu takich danych oraz uchylenia dyrektywy 95\/46\/WE (og\u00f3lne rozporz\u0105dzenie o ochronie danych)&nbsp;\u2013 zwane dalej \u201eRODO\u201d oraz Ustawa o ochronie danych osobowych z dnia 10 maja 2018 r. (Dz.U. 2018 poz. 1000).<\/p>\n<ol start=\"2\">\n<li><strong>Przetwarzanie danych osobowych<\/strong><\/li>\n<\/ol>\n<p>Serwis pozyskuje dane osobowe u\u017cytkownik\u00f3w w nast\u0119puj\u0105cy spos\u00f3b:<\/p>\n<ul>\n<li>poprzez dobrowolne wprowadzenie danych w formularzu kontaktowym,<\/li>\n<li>poprzez zapisywanie w urz\u0105dzeniach ko\u0144cowych plik\u00f3w cookie (tzw. ciasteczka),<\/li>\n<li>poprzez zapisywanie technicznych log\u00f3w na poziomie serwera www.<\/li>\n<\/ul>\n<p>Administratorem Pani\/Pana danych osobowych jest SEMATEL SEBASTIAN KOCZOROWSKI ul. Sportowa 1a\/3, 64-500 Ga\u0142owo, NIP 7871192414, REGON 630276326, e-mail biuro@sematel.pl<\/p>\n<p>Dane osobowe podane dobrowolnie przez u\u017cytkownika w formularzu kontaktowym s\u0105 przetwarzane w celu opracowania odpowiedzi na zadane przez formularz kontaktowy pytania i prowadzenia korespondencji \u2013 art. 6 ust. 1 lit f RODO (prawnie uzasadniony interes administratora).<\/p>\n<p>Podanie danych osobowych jest dobrowolne jednak ich niepodanie uniemo\u017cliwi przes\u0142anie zapytania przez formularz kontaktowy.<\/p>\n<p>Odbiorcami danych osobowych mog\u0105 by\u0107: podmioty prowadz\u0105ce obs\u0142ug\u0119 infrastruktury informatycznej.<\/p>\n<p>Dane osobowe nie s\u0105 transferowane do pa\u0144stw trzecich i nie b\u0119d\u0105 podlega\u0142y zautomatyzowanemu przetwarzaniu.<\/p>\n<p>Dane osobowe s\u0105 przetwarzane przez czas niezb\u0119dny do udzielenia odpowiedzi i prowadzenia korespondencji, a nast\u0119pnie przez okres jednego roku celem zachowania zasady rozliczalno\u015bci.<\/p>\n<p>U\u017cytkownik ma prawo do \u017c\u0105dania od Administratora dost\u0119pu do swoich danych osobowych, ich sprostowania, usuni\u0119cia lub ograniczenia przetwarzania, ja r\u00f3wnie\u017c prawo do wniesienia sprzeciwu wobec przetwarzania, prawo do przenoszenia danych, a tak\u017ce wniesienia skargi do organu nadzorczego tj. Prezesa Urz\u0119du Ochrony Danych Osobowych.<\/p>\n<p>W zakresie w jakim przetwarzanie danych osobowych opiera\u0142oby si\u0119 na zgodzie, u\u017cytkownik ma prawo do cofni\u0119cia zgody w dowolnym momencie bez wp\u0142ywu na zgodno\u015b\u0107 z prawem przetwarzania, kt\u00f3rego dokonano na podstawie zgody przed jej cofni\u0119ciem.<\/p>\n<ol start=\"3\">\n<li><strong>Informacja o plikach cookies<\/strong><\/li>\n<\/ol>\n<p>Serwis korzysta z plik\u00f3w cookies.<br>Pliki cookies (tzw. ciasteczka) stanowi\u0105 dane informatyczne, w szczeg\u00f3lno\u015bci pliki tekstowe, kt\u00f3re przechowywane s\u0105 w urz\u0105dzeniu ko\u0144cowym U\u017cytkownika Serwisu i przeznaczone s\u0105 do korzystania ze stron internetowych Serwisu. Cookies zazwyczaj zawieraj\u0105 nazw\u0119 strony internetowej, z kt\u00f3rej pochodz\u0105, czas przechowywania ich na urz\u0105dzeniu ko\u0144cowym oraz unikalny numer.<br>Podmiotem zamieszczaj\u0105cym na urz\u0105dzeniu ko\u0144cowym U\u017cytkownika Serwisu pliki cookies oraz uzyskuj\u0105cym do nich dost\u0119p jest operator Serwisu.<br>Pliki cookies wykorzystywane s\u0105 w nast\u0119puj\u0105cych celach:<\/p>\n<ul>\n<li>tworzenia statystyk, kt\u00f3re pomagaj\u0105 zrozumie\u0107, w jaki spos\u00f3b U\u017cytkownicy Serwisu korzystaj\u0105 ze stron internetowych, co umo\u017cliwia ulepszanie ich struktury i zawarto\u015bci;<\/li>\n<\/ul>\n<p>W ramach Serwisu stosowane s\u0105 dwa zasadnicze rodzaje plik\u00f3w cookies: \u201esesyjne\u201d (session cookies) oraz \u201esta\u0142e\u201d (persistent cookies). Cookies \u201esesyjne\u201d s\u0105 plikami tymczasowymi, kt\u00f3re przechowywane s\u0105 w urz\u0105dzeniu ko\u0144cowym U\u017cytkownika do czasu wylogowania, opuszczenia strony internetowej lub wy\u0142\u0105czenia oprogramowania (przegl\u0105darki internetowej). \u201eSta\u0142e\u201d pliki cookies przechowywane s\u0105 w urz\u0105dzeniu ko\u0144cowym U\u017cytkownika przez czas okre\u015blony w parametrach plik\u00f3w cookies lub do czasu ich usuni\u0119cia przez U\u017cytkownika.<br>Oprogramowanie do przegl\u0105dania stron internetowych (przegl\u0105darka internetowa) zazwyczaj domy\u015blnie dopuszcza przechowywanie plik\u00f3w cookies w urz\u0105dzeniu ko\u0144cowym U\u017cytkownika. U\u017cytkownicy Serwisu mog\u0105 dokona\u0107 zmiany ustawie\u0144 w tym zakresie. Przegl\u0105darka internetowa umo\u017cliwia usuni\u0119cie plik\u00f3w cookies. Mo\u017cliwe jest tak\u017ce automatyczne blokowanie plik\u00f3w cookies Szczeg\u00f3\u0142owe informacje na ten temat zawiera pomoc lub dokumentacja przegl\u0105darki internetowej.<br>Ograniczenia stosowania plik\u00f3w cookies mog\u0105 wp\u0142yn\u0105\u0107 na niekt\u00f3re funkcjonalno\u015bci dost\u0119pne na stronach internetowych Serwisu.<br>Pliki cookies zamieszczane w urz\u0105dzeniu ko\u0144cowym U\u017cytkownika Serwisu i wykorzystywane mog\u0105 by\u0107 r\u00f3wnie\u017c przez wsp\u00f3\u0142pracuj\u0105cych z operatorem Serwisu reklamodawc\u00f3w oraz partner\u00f3w.<br>W celach statystycznych operator Serwisu mo\u017ce prowadzi\u0107 analiz\u0119 ruchu U\u017cytkownika w sieci Internetowej .<br>Zalecamy przeczytanie polityki ochrony prywatno\u015bci, aby pozna\u0107 zasady korzystania z plik\u00f3w cookies wykorzystywane w statystykach: Polityka ochrony prywatno\u015bci Google Analytics.<br>Pliki cookies mog\u0105 by\u0107 wykorzystane przez sieci reklamowe, w szczeg\u00f3lno\u015bci sie\u0107 Google, do wy\u015bwietlenia reklam dopasowanych do sposobu, w jaki u\u017cytkownik korzysta z Serwisu. W tym celu mog\u0105 zachowa\u0107 informacj\u0119 o \u015bcie\u017cce nawigacji U\u017cytkownika lub czasie pozostawania na danej stronie (funkcje AdWords).<\/p>\n<p>W szczeg\u00f3lno\u015bci Serwis mo\u017ce korzysta\u0107 z nast\u0119puj\u0105cych funkcji AdWords:<\/p>\n<ul>\n<li>remarketing,<\/li>\n<li>kategorie zainteresowa\u0144,<\/li>\n<li>podobni odbiorcy,<\/li>\n<li>inne rodzaje reklam opartych na zainteresowaniach,<\/li>\n<li>kierowanie demograficzne i na lokalizacj\u0119.<\/li>\n<\/ul>\n<p>W zakresie informacji o preferencjach u\u017cytkownika gromadzonych przez sie\u0107 reklamow\u0105 Google u\u017cytkownik mo\u017ce przegl\u0105da\u0107 i edytowa\u0107 informacje wynikaj\u0105ce z plik\u00f3w cookies przy pomocy narz\u0119dzia: https:\/\/www.google.com\/ads\/preferences\/.<\/p>\n<ol start=\"4\">\n<li><strong>Logi serwera<\/strong><\/li>\n<\/ol>\n<p>Informacje o niekt\u00f3rych zachowaniach u\u017cytkownik\u00f3w podlegaj\u0105 logowaniu w warstwie serwerowej. Dane te s\u0105 wykorzystywane wy\u0142\u0105cznie w celu administrowania serwisem oraz w celu zapewnienia jak najbardziej sprawnej obs\u0142ugi \u015bwiadczonych us\u0142ug hostingowych.<br>Przegl\u0105dane zasoby identyfikowane s\u0105 poprzez adresy URL. Ponadto zapisowi mog\u0105 podlega\u0107:<\/p>\n<ul>\n<li>czas nadej\u015bcia zapytania,<\/li>\n<li>czas wys\u0142ania odpowiedzi,<\/li>\n<li>nazw\u0119 stacji klienta \u2013 identyfikacja realizowana przez protok\u00f3\u0142 HTTP,<\/li>\n<li>informacje o b\u0142\u0119dach, jakie nast\u0105pi\u0142y przy realizacji transakcji HTTP,<\/li>\n<li>adres URL strony poprzednio odwiedzanej przez u\u017cytkownika (referer link) \u2013 w przypadku gdy przej\u015bcie do Serwisu nast\u0105pi\u0142o przez odno\u015bnik,<\/li>\n<li>informacje o przegl\u0105darce u\u017cytkownika,<\/li>\n<li>informacje o adresie IP.<\/li>\n<\/ul>\n<p>Dane powy\u017csze nie s\u0105 kojarzone z konkretnymi osobami przegl\u0105daj\u0105cymi strony.<br>Dane powy\u017csze nie s\u0105 wykorzystywane jedynie do cel\u00f3w administrowania serwerem.<\/p>\n<ol start=\"5\">\n<li><strong>Zarz\u0105dzanie plikami cookies \u2013 jak w praktyce wyra\u017ca\u0107 i cofa\u0107 zgod\u0119?<\/strong><\/li>\n<\/ol>\n<p>Je\u015bli u\u017cytkownik nie chce otrzymywa\u0107 plik\u00f3w cookies, mo\u017ce zmieni\u0107 ustawienia przegl\u0105darki. Zastrzegamy, \u017ce wy\u0142\u0105czenie obs\u0142ugi plik\u00f3w cookies niezb\u0119dnych dla proces\u00f3w uwierzytelniania, bezpiecze\u0144stwa, utrzymania preferencji u\u017cytkownika mo\u017ce utrudni\u0107, a w skrajnych przypadkach mo\u017ce uniemo\u017cliwi\u0107 korzystanie ze stron www.<br>W celu zarz\u0105dzania ustawieniami cookies wybierz z listy poni\u017cej przegl\u0105dark\u0119 internetow\u0105\/ system i post\u0119puj zgodnie z instrukcjami:<\/p>\n<ul>\n<li><a href=\"http:\/\/support.microsoft.com\/kb\/196955\">Internet Explorer<\/a><\/li>\n<li><a href=\"http:\/\/support.google.com\/chrome\/bin\/answer.py?hl=pl&amp;answer=95647\">Chrome<\/a><\/li>\n<li><a href=\"http:\/\/support.apple.com\/kb\/PH5042\">Safari<\/a><\/li>\n<li><a href=\"http:\/\/support.mozilla.org\/pl\/kb\/W%C5%82%C4%85czanie%20i%20wy%C5%82%C4%85czanie%20obs%C5%82ugi%20ciasteczek\">Firefox<\/a><\/li>\n<li><a href=\"http:\/\/help.opera.com\/Windows\/12.10\/pl\/cookies.html\">Opera<\/a><\/li>\n<li><a href=\"http:\/\/support.google.com\/chrome\/bin\/answer.py?hl=pl&amp;answer=95647\">Android<\/a><\/li>\n<li><a href=\"http:\/\/support.apple.com\/kb\/HT1677?viewlocale=pl_PL\">Safari (iOS)<\/a><\/li>\n<li><a href=\"http:\/\/www.windowsphone.com\/pl-pl\/how-to\/wp7\/web\/changing-privacy-and-other-browser-settings\">Windows Phone<\/a><\/li>\n<li><a href=\"http:\/\/docs.blackberry.com\/en\/smartphone_users\/deliverables\/32004\/Turn_off_cookies_in_the_browser_60_1072866_11.jsp\">Blackberry<\/a><\/li>\n<\/ul>\n<p>Jako Administrator danych informuj\u0119, \u017ce powierzam przetwarzanie danych osobowych nast\u0119puj\u0105cym podmiotom:<\/p>\n<ul>\n<li><a href=\"https:\/\/starcloud.pl\/\">Starcloud.pl<\/a>&nbsp;\u2013 Firma Starpoint Janusz Rychel ul. Wojska Polskiego 8, 41-208 Sosnowiec NIP 6442298761 \u2013 w celu przechowywania danych osobowych na serwerze hostingowym.<\/li>\n<\/ul>\n","protected":false},"excerpt":{"rendered":"<p>Polityka prywatno\u015bci Informacje og\u00f3lne Operatorem serwisu sematel.pl jest SEMATEL SEBASTIAN KOCZOROWSKI ul. Sportowa 1a\/3, 64-500 Ga\u0142owo, NIP 7871192414, REGON 630276326. Polityka ma charakter informacyjny \u2013 jej celem jest poinformowanie u\u017cytkownika serwisu o zasadach przetwarzania danych osobowych i przys\u0142uguj\u0105cych uprawnieniach zwi\u0105zanych z przetwarzanymi danymi osobowymi. Podstawowymi aktami prawnym obowi\u0105zuj\u0105cym w zakresie ochrony danych osobowych s\u0105&nbsp;Rozporz\u0105dzenie Parlamentu [&hellip;]<\/p>\n","protected":false},"author":1,"featured_media":0,"parent":0,"menu_order":0,"comment_status":"closed","ping_status":"open","template":"","meta":{"footnotes":""},"class_list":["post-3","page","type-page","status-publish","hentry"],"yoast_head":"<!-- This site is optimized with the Yoast SEO plugin v24.6 - https:\/\/yoast.com\/wordpress\/plugins\/seo\/ -->\n<title>Polityka prywatno\u015bci - Sematel<\/title>\n<meta name=\"robots\" content=\"index, follow, max-snippet:-1, max-image-preview:large, max-video-preview:-1\" \/>\n<link rel=\"canonical\" href=\"https:\/\/sematel.pl\/index.php\/polityka-prywatnosci\/\" \/>\n<meta property=\"og:locale\" content=\"pl_PL\" \/>\n<meta property=\"og:type\" content=\"article\" \/>\n<meta property=\"og:title\" content=\"Polityka prywatno\u015bci - Sematel\" \/>\n<meta property=\"og:description\" content=\"Polityka prywatno\u015bci Informacje og\u00f3lne Operatorem serwisu sematel.pl jest SEMATEL SEBASTIAN KOCZOROWSKI ul. Sportowa 1a\/3, 64-500 Ga\u0142owo, NIP 7871192414, REGON 630276326. Polityka ma charakter informacyjny \u2013 jej celem jest poinformowanie u\u017cytkownika serwisu o zasadach przetwarzania danych osobowych i przys\u0142uguj\u0105cych uprawnieniach zwi\u0105zanych z przetwarzanymi danymi osobowymi. Podstawowymi aktami prawnym obowi\u0105zuj\u0105cym w zakresie ochrony danych osobowych s\u0105&nbsp;Rozporz\u0105dzenie Parlamentu [&hellip;]\" \/>\n<meta property=\"og:url\" content=\"https:\/\/sematel.pl\/index.php\/polityka-prywatnosci\/\" \/>\n<meta property=\"og:site_name\" content=\"Sematel\" \/>\n<meta property=\"article:modified_time\" content=\"2020-03-23T21:53:05+00:00\" \/>\n<meta name=\"twitter:card\" content=\"summary_large_image\" \/>\n<meta name=\"twitter:label1\" content=\"Szacowany czas czytania\" \/>\n\t<meta name=\"twitter:data1\" content=\"6 minut\" \/>\n<script type=\"application\/ld+json\" class=\"yoast-schema-graph\">{\"@context\":\"https:\/\/schema.org\",\"@graph\":[{\"@type\":\"WebPage\",\"@id\":\"https:\/\/sematel.pl\/index.php\/polityka-prywatnosci\/\",\"url\":\"https:\/\/sematel.pl\/index.php\/polityka-prywatnosci\/\",\"name\":\"Polityka prywatno\u015bci - Sematel\",\"isPartOf\":{\"@id\":\"https:\/\/sematel.pl\/#website\"},\"datePublished\":\"2020-03-14T20:58:47+00:00\",\"dateModified\":\"2020-03-23T21:53:05+00:00\",\"breadcrumb\":{\"@id\":\"https:\/\/sematel.pl\/index.php\/polityka-prywatnosci\/#breadcrumb\"},\"inLanguage\":\"pl-PL\",\"potentialAction\":[{\"@type\":\"ReadAction\",\"target\":[\"https:\/\/sematel.pl\/index.php\/polityka-prywatnosci\/\"]}]},{\"@type\":\"BreadcrumbList\",\"@id\":\"https:\/\/sematel.pl\/index.php\/polityka-prywatnosci\/#breadcrumb\",\"itemListElement\":[{\"@type\":\"ListItem\",\"position\":1,\"name\":\"Strona g\u0142\u00f3wna\",\"item\":\"https:\/\/sematel.pl\/\"},{\"@type\":\"ListItem\",\"position\":2,\"name\":\"Polityka prywatno\u015bci\"}]},{\"@type\":\"WebSite\",\"@id\":\"https:\/\/sematel.pl\/#website\",\"url\":\"https:\/\/sematel.pl\/\",\"name\":\"Sematel\",\"description\":\"Rozwi\u0105zania telekomunikacyjne\",\"potentialAction\":[{\"@type\":\"SearchAction\",\"target\":{\"@type\":\"EntryPoint\",\"urlTemplate\":\"https:\/\/sematel.pl\/?s={search_term_string}\"},\"query-input\":{\"@type\":\"PropertyValueSpecification\",\"valueRequired\":true,\"valueName\":\"search_term_string\"}}],\"inLanguage\":\"pl-PL\"}]}<\/script>\n<!-- \/ Yoast SEO plugin. -->","yoast_head_json":{"title":"Polityka prywatno\u015bci - Sematel","robots":{"index":"index","follow":"follow","max-snippet":"max-snippet:-1","max-image-preview":"max-image-preview:large","max-video-preview":"max-video-preview:-1"},"canonical":"https:\/\/sematel.pl\/index.php\/polityka-prywatnosci\/","og_locale":"pl_PL","og_type":"article","og_title":"Polityka prywatno\u015bci - Sematel","og_description":"Polityka prywatno\u015bci Informacje og\u00f3lne Operatorem serwisu sematel.pl jest SEMATEL SEBASTIAN KOCZOROWSKI ul. Sportowa 1a\/3, 64-500 Ga\u0142owo, NIP 7871192414, REGON 630276326. Polityka ma charakter informacyjny \u2013 jej celem jest poinformowanie u\u017cytkownika serwisu o zasadach przetwarzania danych osobowych i przys\u0142uguj\u0105cych uprawnieniach zwi\u0105zanych z przetwarzanymi danymi osobowymi. Podstawowymi aktami prawnym obowi\u0105zuj\u0105cym w zakresie ochrony danych osobowych s\u0105&nbsp;Rozporz\u0105dzenie Parlamentu [&hellip;]","og_url":"https:\/\/sematel.pl\/index.php\/polityka-prywatnosci\/","og_site_name":"Sematel","article_modified_time":"2020-03-23T21:53:05+00:00","twitter_card":"summary_large_image","twitter_misc":{"Szacowany czas czytania":"6 minut"},"schema":{"@context":"https:\/\/schema.org","@graph":[{"@type":"WebPage","@id":"https:\/\/sematel.pl\/index.php\/polityka-prywatnosci\/","url":"https:\/\/sematel.pl\/index.php\/polityka-prywatnosci\/","name":"Polityka prywatno\u015bci - Sematel","isPartOf":{"@id":"https:\/\/sematel.pl\/#website"},"datePublished":"2020-03-14T20:58:47+00:00","dateModified":"2020-03-23T21:53:05+00:00","breadcrumb":{"@id":"https:\/\/sematel.pl\/index.php\/polityka-prywatnosci\/#breadcrumb"},"inLanguage":"pl-PL","potentialAction":[{"@type":"ReadAction","target":["https:\/\/sematel.pl\/index.php\/polityka-prywatnosci\/"]}]},{"@type":"BreadcrumbList","@id":"https:\/\/sematel.pl\/index.php\/polityka-prywatnosci\/#breadcrumb","itemListElement":[{"@type":"ListItem","position":1,"name":"Strona g\u0142\u00f3wna","item":"https:\/\/sematel.pl\/"},{"@type":"ListItem","position":2,"name":"Polityka prywatno\u015bci"}]},{"@type":"WebSite","@id":"https:\/\/sematel.pl\/#website","url":"https:\/\/sematel.pl\/","name":"Sematel","description":"Rozwi\u0105zania telekomunikacyjne","potentialAction":[{"@type":"SearchAction","target":{"@type":"EntryPoint","urlTemplate":"https:\/\/sematel.pl\/?s={search_term_string}"},"query-input":{"@type":"PropertyValueSpecification","valueRequired":true,"valueName":"search_term_string"}}],"inLanguage":"pl-PL"}]}},"_links":{"self":[{"href":"https:\/\/sematel.pl\/index.php\/wp-json\/wp\/v2\/pages\/3","targetHints":{"allow":["GET"]}}],"collection":[{"href":"https:\/\/sematel.pl\/index.php\/wp-json\/wp\/v2\/pages"}],"about":[{"href":"https:\/\/sematel.pl\/index.php\/wp-json\/wp\/v2\/types\/page"}],"author":[{"embeddable":true,"href":"https:\/\/sematel.pl\/index.php\/wp-json\/wp\/v2\/users\/1"}],"replies":[{"embeddable":true,"href":"https:\/\/sematel.pl\/index.php\/wp-json\/wp\/v2\/comments?post=3"}],"version-history":[{"count":5,"href":"https:\/\/sematel.pl\/index.php\/wp-json\/wp\/v2\/pages\/3\/revisions"}],"predecessor-version":[{"id":2689,"href":"https:\/\/sematel.pl\/index.php\/wp-json\/wp\/v2\/pages\/3\/revisions\/2689"}],"wp:attachment":[{"href":"https:\/\/sematel.pl\/index.php\/wp-json\/wp\/v2\/media?parent=3"}],"curies":[{"name":"wp","href":"https:\/\/api.w.org\/{rel}","templated":true}]}}